{"id":2,"date":"2023-12-10T16:09:52","date_gmt":"2023-12-10T15:09:52","guid":{"rendered":"http:\/\/fotografia-ml.pl\/?page_id=2"},"modified":"2024-10-28T20:30:46","modified_gmt":"2024-10-28T19:30:46","slug":"przykladowa-strona","status":"publish","type":"page","link":"https:\/\/fotografia-ml.pl\/?page_id=2","title":{"rendered":"O mnie"},"content":{"rendered":"\n<p>Nazywam si\u0119 Marcin Le\u015bniak i jestem fotografem, dla kt\u00f3rego najwa\u017cniejsze jest uchwycenie autentycznych chwil i emocji. Specjalizuj\u0119 si\u0119 w fotografii dokumentalnej, dzi\u0119ki kt\u00f3rej mog\u0119 opowiada\u0107 historie ludzi i miejsc z g\u0142\u0119bok\u0105 wra\u017cliwo\u015bci\u0105 i estetyk\u0105. Ka\u017cde zdj\u0119cie traktuj\u0119 jako opowie\u015b\u0107, kt\u00f3ra ma moc porusza\u0107 i inspirowa\u0107. Wsp\u00f3\u0142pracuj\u0105c z bibliotek\u0105, pragn\u0119 dzieli\u0107 si\u0119 moj\u0105 pasj\u0105 i przybli\u017ca\u0107 odbiorcom historie zamkni\u0119te w kadrze.<\/p>\n\n\n\n<p>Specjalizuj\u0105cy si\u0119 tak\u017ce w fotografii aktu kobiecego. Dzi\u0119ki uko\u0144czonemu certyfikowanemu kursowi, tworz\u0119 pe\u0142ne elegancji i szacunku zdj\u0119cia, kt\u00f3re subtelnie podkre\u015blaj\u0105 pi\u0119kno kobiecego cia\u0142a.<\/p>\n\n\n\n<p>Je\u015bli chcesz obejrze\u0107 wi\u0119cej moich zdj\u0119\u0107 zapraszam na mojego <a href=\"https:\/\/www.facebook.com\/fotoMarcinMarcin\/photos_by\">facebooka <\/a><a href=\"https:\/\/www.facebook.com\/fotoMarcinMarcin\/about\">.<\/a><\/p>\n\n\n\n<p><\/p>\n\n\n\n<p><\/p>\n","protected":false},"excerpt":{"rendered":"<p>Nazywam si\u0119 Marcin Le\u015bniak i jestem fotografem, dla kt\u00f3rego najwa\u017cniejsze jest uchwycenie autentycznych chwil i emocji. Specjalizuj\u0119 si\u0119 w fotografii dokumentalnej, dzi\u0119ki kt\u00f3rej mog\u0119 opowiada\u0107 historie ludzi i miejsc z g\u0142\u0119bok\u0105 wra\u017cliwo\u015bci\u0105 i estetyk\u0105. Ka\u017cde zdj\u0119cie traktuj\u0119 jako opowie\u015b\u0107, kt\u00f3ra ma moc porusza\u0107 i inspirowa\u0107. Wsp\u00f3\u0142pracuj\u0105c z bibliotek\u0105, pragn\u0119 dzieli\u0107 si\u0119 moj\u0105 pasj\u0105 i przybli\u017ca\u0107 [&hellip;]<\/p>\n","protected":false},"author":1,"featured_media":36,"parent":0,"menu_order":0,"comment_status":"closed","ping_status":"open","template":"","meta":{"footnotes":""},"class_list":["post-2","page","type-page","status-publish","has-post-thumbnail","hentry"],"_links":{"self":[{"href":"https:\/\/fotografia-ml.pl\/index.php?rest_route=\/wp\/v2\/pages\/2","targetHints":{"allow":["GET"]}}],"collection":[{"href":"https:\/\/fotografia-ml.pl\/index.php?rest_route=\/wp\/v2\/pages"}],"about":[{"href":"https:\/\/fotografia-ml.pl\/index.php?rest_route=\/wp\/v2\/types\/page"}],"author":[{"embeddable":true,"href":"https:\/\/fotografia-ml.pl\/index.php?rest_route=\/wp\/v2\/users\/1"}],"replies":[{"embeddable":true,"href":"https:\/\/fotografia-ml.pl\/index.php?rest_route=%2Fwp%2Fv2%2Fcomments&post=2"}],"version-history":[{"count":5,"href":"https:\/\/fotografia-ml.pl\/index.php?rest_route=\/wp\/v2\/pages\/2\/revisions"}],"predecessor-version":[{"id":45,"href":"https:\/\/fotografia-ml.pl\/index.php?rest_route=\/wp\/v2\/pages\/2\/revisions\/45"}],"wp:featuredmedia":[{"embeddable":true,"href":"https:\/\/fotografia-ml.pl\/index.php?rest_route=\/wp\/v2\/media\/36"}],"wp:attachment":[{"href":"https:\/\/fotografia-ml.pl\/index.php?rest_route=%2Fwp%2Fv2%2Fmedia&parent=2"}],"curies":[{"name":"wp","href":"https:\/\/api.w.org\/{rel}","templated":true}]}}